{"id":18,"date":"2023-06-06T11:00:13","date_gmt":"2023-06-06T11:00:13","guid":{"rendered":"https:\/\/dummy.xtemos.com\/woodmart2\/furniture2\/?page_id=18"},"modified":"2025-07-11T17:06:14","modified_gmt":"2025-07-11T14:06:14","slug":"hakkimizda","status":"publish","type":"page","link":"https:\/\/www.pulkon.com\/tr\/hakkimizda\/","title":{"rendered":"Hakk\u0131m\u0131zda"},"content":{"rendered":"<div class=\"wpb-content-wrapper\"><p>[vc_row content_placement=&#8221;middle&#8221; woodmart_css_id=&#8221;64775cf93784f&#8221; responsive_spacing=&#8221;eyJwYXJhbV90eXBlIjoid29vZG1hcnRfcmVzcG9uc2l2ZV9zcGFjaW5nIiwic2VsZWN0b3JfaWQiOiI2NDc3NWNmOTM3ODRmIiwic2hvcnRjb2RlIjoidmNfcm93IiwiZGF0YSI6eyJ0YWJsZXQiOnsibWFyZ2luLWJvdHRvbSI6IjYwIn0sIm1vYmlsZSI6eyJtYXJnaW4tYm90dG9tIjoiNDAifX19&#8243; mobile_bg_img_hidden=&#8221;no&#8221; tablet_bg_img_hidden=&#8221;no&#8221; woodmart_parallax=&#8221;0&#8243; woodmart_gradient_switch=&#8221;no&#8221; woodmart_box_shadow=&#8221;no&#8221; wd_z_index=&#8221;no&#8221; woodmart_disable_overflow=&#8221;0&#8243; row_reverse_mobile=&#8221;1&#8243; row_reverse_tablet=&#8221;1&#8243; css=&#8221;.vc_custom_1685544197253{margin-bottom: 80px !important;}&#8221;][vc_column width=&#8221;3\/4&#8243; woodmart_css_id=&#8221;6437f9cfc23d6&#8243; parallax_scroll=&#8221;no&#8221; woodmart_sticky_column=&#8221;false&#8221; wd_collapsible_content_switcher=&#8221;no&#8221; wd_column_role_offcanvas_desktop=&#8221;no&#8221; wd_column_role_offcanvas_tablet=&#8221;no&#8221; wd_column_role_offcanvas_mobile=&#8221;no&#8221; wd_column_role_content_desktop=&#8221;no&#8221; wd_column_role_content_tablet=&#8221;no&#8221; wd_column_role_content_mobile=&#8221;no&#8221; mobile_bg_img_hidden=&#8221;no&#8221; tablet_bg_img_hidden=&#8221;no&#8221; woodmart_parallax=&#8221;0&#8243; woodmart_box_shadow=&#8221;no&#8221; responsive_spacing=&#8221;eyJwYXJhbV90eXBlIjoid29vZG1hcnRfcmVzcG9uc2l2ZV9zcGFjaW5nIiwic2VsZWN0b3JfaWQiOiI2NDM3ZjljZmMyM2Q2Iiwic2hvcnRjb2RlIjoidmNfY29sdW1uIiwiZGF0YSI6eyJ0YWJsZXQiOnt9LCJtb2JpbGUiOnt9fX0=&#8221; mobile_reset_margin=&#8221;no&#8221; tablet_reset_margin=&#8221;no&#8221; wd_z_index=&#8221;no&#8221; offset=&#8221;vc_col-lg-4 vc_col-md-6&#8243;]\t\t<div id=\"gallery_423\" class=\"wd-images-gallery wd-wpb wd-rs-678fc8147d89e vc_custom_1737476132981 photoswipe-images\" style=\"--wd-justify-content:center;--wd-align-items:center;\">\n\t\t\t\n\t\t\t<div class=\" wd-grid-g\" style=\"--wd-col-lg:1;--wd-col-md:2;--wd-col-sm:2;--wd-gap-lg:20px;--wd-gap-sm:10px;\">\n\t\t\t\t\n\t\t\t\t\t\t\t\t\t\t\t\t\t\t\t<div class=\"wd-gallery-item wd-col\">\n\t\t\t\t\t\t\t\t\t\t\t\t\t\t<a href=\"https:\/\/www.pulkon.com\/tr\/wp-content\/uploads\/2025\/01\/wood-layout-img-2.jpg\" data-elementor-open-lightbox=\"no\" data-index=\"1\" data-width=\"566\" data-height=\"580\" \n\t\t\t\t\t\t\t\t\t\t\t\t >\n\t\t\t\t\t\t\t\t\n\t\t\t\t\t\t\t\t<img loading=\"lazy\" decoding=\"async\" width=\"566\" height=\"580\" src=\"https:\/\/www.pulkon.com\/tr\/wp-content\/uploads\/2025\/01\/wood-layout-img-2.jpg\" class=\"wd-gallery-image image-1\" alt=\"\" srcset=\"https:\/\/www.pulkon.com\/tr\/wp-content\/uploads\/2025\/01\/wood-layout-img-2.jpg 566w, https:\/\/www.pulkon.com\/tr\/wp-content\/uploads\/2025\/01\/wood-layout-img-2-293x300.jpg 293w, https:\/\/www.pulkon.com\/tr\/wp-content\/uploads\/2025\/01\/wood-layout-img-2-150x154.jpg 150w, https:\/\/www.pulkon.com\/tr\/wp-content\/uploads\/2025\/01\/wood-layout-img-2-45x45.jpg 45w\" sizes=\"auto, (max-width: 566px) 100vw, 566px\" \/>\n\t\t\t\t\t\t\t\t\t\t\t\t\t\t\t<\/a>\n\t\t\t\t\t\t\t\t\t\t\t\t<\/div>\n\t\t\t\t\t\t\t\t\t\n\t\t\t\t\t\t\t<\/div>\n\n\t\t\t\t\t<\/div>\n\t\t[\/vc_column][vc_column width=&#8221;1\/4&#8243; woodmart_css_id=&#8221;6437f9c6ef9c8&#8243; parallax_scroll=&#8221;no&#8221; woodmart_sticky_column=&#8221;false&#8221; wd_collapsible_content_switcher=&#8221;no&#8221; wd_column_role_offcanvas_desktop=&#8221;no&#8221; wd_column_role_offcanvas_tablet=&#8221;no&#8221; wd_column_role_offcanvas_mobile=&#8221;no&#8221; wd_column_role_content_desktop=&#8221;no&#8221; wd_column_role_content_tablet=&#8221;no&#8221; wd_column_role_content_mobile=&#8221;no&#8221; mobile_bg_img_hidden=&#8221;no&#8221; tablet_bg_img_hidden=&#8221;no&#8221; woodmart_parallax=&#8221;0&#8243; woodmart_box_shadow=&#8221;no&#8221; responsive_spacing=&#8221;eyJwYXJhbV90eXBlIjoid29vZG1hcnRfcmVzcG9uc2l2ZV9zcGFjaW5nIiwic2VsZWN0b3JfaWQiOiI2NDM3ZjljNmVmOWM4Iiwic2hvcnRjb2RlIjoidmNfY29sdW1uIiwiZGF0YSI6eyJ0YWJsZXQiOnt9LCJtb2JpbGUiOnt9fX0=&#8221; mobile_reset_margin=&#8221;no&#8221; tablet_reset_margin=&#8221;no&#8221; wd_z_index=&#8221;no&#8221; offset=&#8221;vc_col-lg-8 vc_col-md-6&#8243;]\n\t\t<div id=\"wd-678fb92edcfbc\" class=\"title-wrapper wd-wpb wd-set-mb reset-last-child  wd-rs-678fb92edcfbc wd-title-color-default wd-title-style-default text-left vc_custom_1737472310713 wd-underline-colored\">\n\t\t\t\n\t\t\t<div class=\"liner-continer\">\n\t\t\t\t<h4 class=\"woodmart-title-container title  wd-font-weight- wd-fontsize-xxl\" >Pulkon Hakk\u0131m\u0131zda<\/h4>\n\t\t\t\t\t\t\t<\/div>\n\t\t\t\n\t\t\t\n\t\t\t\n\t\t<\/div>\n\t\t\n\t\t\t\t<div id=\"wd-6871197bbf8be\" class=\"wd-text-block wd-wpb reset-last-child wd-rs-6871197bbf8be text-left vc_custom_1752242782886\">\n\t\t\t<p>Pulkon, kurumsal hizmet sekt\u00f6r\u00fcne ak\u0131ll\u0131 \u00e7\u00f6z\u00fcmler sunmak amac\u0131yla kurulmu\u015f, insan odakl\u0131 ve teknoloji destekli bir y\u00f6netim markas\u0131d\u0131r. G\u00fcvenlik hizmetleri, entegre tesis y\u00f6netimi, insan kaynaklar\u0131 dan\u0131\u015fmanl\u0131\u011f\u0131 ve kalite kontrol alanlar\u0131nda uzmanla\u015farak, farkl\u0131 sekt\u00f6rlere \u00f6zel entegre hizmet modelleri geli\u015ftirmektedir.<\/p>\n<p>Kurumsal d\u00fcnyadaki operasyonel y\u00fck\u00fcn hafifletilmesi, hizmet kalitesinin standardize edilmesi ve s\u00fcrd\u00fcr\u00fclebilir bir y\u00f6netim yap\u0131s\u0131n\u0131n olu\u015fturulmas\u0131 hedefiyle yola \u00e7\u0131kt\u0131k. Bug\u00fcn geldi\u011fimiz noktada, Pulkon olarak sadece hizmet sunan bir \u015firket de\u011fil, kurumlar\u0131n stratejik \u00e7\u00f6z\u00fcm orta\u011f\u0131 olmay\u0131 ba\u015farm\u0131\u015f bir yap\u0131 haline geldik.<\/p>\n<p>Pulkon\u2019un temel fark\u0131, her hizmet birimini izole de\u011fil, birbiriyle entegre \u00e7al\u0131\u015fan bir sistemin par\u00e7as\u0131 olarak konumland\u0131rmas\u0131d\u0131r. G\u00fcvenlik ekibi yaln\u0131zca g\u00f6zetim de\u011fil, ayn\u0131 zamanda kalite kontrol\u00fcn bir par\u00e7as\u0131 olarak i\u015flev g\u00f6r\u00fcr. Temizlik hizmeti sadece temizlik de\u011fildir; s\u00fcrd\u00fcr\u00fclebilirli\u011fi ve kullan\u0131c\u0131 memnuniyetini destekleyen bir kalite standard\u0131d\u0131r. \u0130nsan kaynaklar\u0131 sadece i\u015fe al\u0131m de\u011fildir; kurum k\u00fclt\u00fcr\u00fcne uyum sa\u011flayacak, stratejik insan kayna\u011f\u0131n\u0131 bulma ve y\u00f6netme sistemidir.<\/p>\n<p>Pulkon, sundu\u011fu t\u00fcm hizmetlerde veriye dayal\u0131 y\u00f6netim modelleri, yapay zek\u00e2 destekli \u00e7\u00f6z\u00fcmler, mobil takip sistemleri ve \u00f6l\u00e7\u00fclebilir performans analizleri ile fark yarat\u0131r. M\u00fc\u015fterilerine sadece hizmet sunmakla kalmaz; hizmeti \u00f6l\u00e7er, raporlar ve geli\u015ftirir.<\/p>\n<p>Kurumsal etik de\u011ferleri, disiplinli operasyonel yap\u0131s\u0131 ve g\u00fc\u00e7l\u00fc kadrosuyla Pulkon; i\u015f ortaklar\u0131na sadece g\u00fcven de\u011fil, s\u00fcrd\u00fcr\u00fclebilirlik, \u015feffafl\u0131k ve kontrol g\u00fcvencesi de sunar. Bu anlay\u0131\u015fla, ya\u015fam alanlar\u0131n\u0131, i\u015f yerlerini ve \u00fcretim tesislerini daha konforlu, g\u00fcvenli ve verimli hale getiriyoruz.<\/p>\n\t\t<\/div>\n\t\t[\/vc_column][\/vc_row][vc_row][vc_column woodmart_css_id=&#8221;6783a4c7914e4&#8243; parallax_scroll=&#8221;no&#8221; woodmart_sticky_column=&#8221;false&#8221; wd_collapsible_content_switcher=&#8221;no&#8221; wd_column_role_offcanvas_desktop=&#8221;no&#8221; wd_column_role_offcanvas_tablet=&#8221;no&#8221; wd_column_role_offcanvas_mobile=&#8221;no&#8221; wd_column_role_content_desktop=&#8221;no&#8221; wd_column_role_content_tablet=&#8221;no&#8221; wd_column_role_content_mobile=&#8221;no&#8221; mobile_bg_img_hidden=&#8221;no&#8221; tablet_bg_img_hidden=&#8221;no&#8221; woodmart_parallax=&#8221;0&#8243; woodmart_box_shadow=&#8221;no&#8221; responsive_spacing=&#8221;eyJwYXJhbV90eXBlIjoid29vZG1hcnRfcmVzcG9uc2l2ZV9zcGFjaW5nIiwic2VsZWN0b3JfaWQiOiI2NzgzYTRjNzkxNGU0Iiwic2hvcnRjb2RlIjoidmNfY29sdW1uIiwiZGF0YSI6eyJ0YWJsZXQiOnt9LCJtb2JpbGUiOnt9fX0=&#8221; mobile_reset_margin=&#8221;no&#8221; tablet_reset_margin=&#8221;no&#8221; wd_z_index=&#8221;no&#8221;]\t\t<div id=\"wd-6871198a170f9\" class=\"wd-text-block wd-wpb reset-last-child wd-rs-6871198a170f9 text-left \">\n\t\t\t<h4><strong>Misyonumuz<\/strong><\/h4>\n<p>Farkl\u0131 sekt\u00f6rlerdeki m\u00fc\u015fterilerimizin ihtiya\u00e7lar\u0131n\u0131 anlamak, bu s\u00fcre\u00e7leri en iyi ve do\u011fru bir \u015fekilde planlamak \u00fczere de\u011fer yaratan \u00e7\u00f6z\u00fcmler sunmak hedefimizdir. Projelerimiz i\u00e7erisinde ba\u015far\u0131m\u0131z\u0131n s\u00fcrd\u00fcr\u00fclebilir k\u0131l\u0131nmas\u0131na ba\u011fl\u0131 olarak hareket etmekten memnuniyet duyuyoruz. Her projede kaliteyi yakalaman\u0131n, g\u00fcvenilir hizmet vermenin ve ba\u015far\u0131l\u0131 bir \u015fekilde projeleri tamamlaman\u0131n hakl\u0131 gururuyla sekt\u00f6r liderleri aras\u0131nda yer almak misyonumuzdur.<\/p>\n<h4><strong>Vizyonumuz<\/strong><\/h4>\n<p>ulkon\u2019un vizyonu, T\u00fcrkiye&#8217;nin ve b\u00f6lgenin en g\u00fcvenilir, en verimli ve en dijitalle\u015fmi\u015f entegre hizmet sa\u011flay\u0131c\u0131s\u0131 olmakt\u0131r.<\/p>\n<p>Gelece\u011fin kurumlar\u0131 art\u0131k sadece \u00fcr\u00fcnle de\u011fil; hizmetin standard\u0131, insan kayna\u011f\u0131n\u0131n niteli\u011fi, tesisin s\u00fcrd\u00fcr\u00fclebilir y\u00f6netimi ve g\u00fcvenli\u011fin proaktif \u015fekilde sa\u011flanmas\u0131yla de\u011ferlendirilecek. Biz Pulkon olarak bu d\u00f6n\u00fc\u015f\u00fcm\u00fcn \u00f6nc\u00fcs\u00fcy\u00fcz.<\/p>\n<p>Sadece bug\u00fcn\u00fcn de\u011fil, yar\u0131n\u0131n ihtiya\u00e7lar\u0131na da haz\u0131r \u00e7\u00f6z\u00fcmler geli\u015ftirmek i\u00e7in teknolojiyi, insan g\u00fcc\u00fcn\u00fc ve i\u015f zek\u00e2s\u0131n\u0131 birle\u015ftiriyoruz. Pulkon\u2019un vizyonu, hizmet verdi\u011fi t\u00fcm alanlarda alg\u0131lanan de\u011fil, hissedilen kaliteyi sunmak; \u00e7al\u0131\u015fanlar\u0131n, y\u00f6neticilerin ve kullan\u0131c\u0131lar\u0131n i\u00e7g\u00fcd\u00fcsel olarak \u201cburada her \u015fey d\u00fczenli\u201d hissini ta\u015f\u0131mas\u0131n\u0131 sa\u011flamakt\u0131r.<\/p>\n<p>Ayn\u0131 zamanda t\u00fcm hizmetlerde veriye dayal\u0131 karar alma, raporlanabilirlik ve \u015feffaf y\u00f6netim ilkeleriyle; i\u015f ortaklar\u0131m\u0131z\u0131n sadece operasyonlar\u0131n\u0131 de\u011fil, stratejik kararlar\u0131n\u0131 da destekleyen bir yap\u0131 sunmay\u0131 hedefliyoruz.<\/p>\n<p>Bu do\u011frultuda Pulkon, sadece T\u00fcrkiye\u2019de de\u011fil; b\u00f6lgesel \u00f6l\u00e7ekte b\u00fcy\u00fcyen, teknolojiye yat\u0131r\u0131m yapan ve global hizmet normlar\u0131n\u0131 yerel yap\u0131larla birle\u015ftiren bir marka olmaya kararl\u0131d\u0131r.<\/p>\n\t\t<\/div>\n\t\t[\/vc_column][\/vc_row][vc_row css=&#8221;.vc_custom_1736680728483{margin-right: 0px !important;margin-left: 0px !important;padding-top: 20px !important;padding-right: 5px !important;padding-bottom: 20px !important;padding-left: 5px !important;background-color: #F3F3F3 !important;border-radius: 10px !important;}&#8221; woodmart_css_id=&#8221;6783a4e3796bf&#8221; responsive_spacing=&#8221;eyJwYXJhbV90eXBlIjoid29vZG1hcnRfcmVzcG9uc2l2ZV9zcGFjaW5nIiwic2VsZWN0b3JfaWQiOiI2NzgzYTRlMzc5NmJmIiwic2hvcnRjb2RlIjoidmNfcm93IiwiZGF0YSI6eyJ0YWJsZXQiOnt9LCJtb2JpbGUiOnt9fX0=&#8221; mobile_bg_img_hidden=&#8221;no&#8221; tablet_bg_img_hidden=&#8221;no&#8221; woodmart_parallax=&#8221;0&#8243; woodmart_gradient_switch=&#8221;no&#8221; woodmart_box_shadow=&#8221;no&#8221; wd_z_index=&#8221;no&#8221; woodmart_disable_overflow=&#8221;0&#8243; row_reverse_mobile=&#8221;0&#8243; row_reverse_tablet=&#8221;0&#8243;][vc_column css=&#8221;.vc_custom_1730371220087{padding-top: 0px !important;}&#8221; woodmart_css_id=&#8221;67235ec6cdc8b&#8221; parallax_scroll=&#8221;no&#8221; woodmart_sticky_column=&#8221;false&#8221; wd_collapsible_content_switcher=&#8221;no&#8221; wd_column_role_offcanvas_desktop=&#8221;no&#8221; wd_column_role_offcanvas_tablet=&#8221;no&#8221; wd_column_role_offcanvas_mobile=&#8221;no&#8221; wd_column_role_content_desktop=&#8221;no&#8221; wd_column_role_content_tablet=&#8221;no&#8221; wd_column_role_content_mobile=&#8221;no&#8221; mobile_bg_img_hidden=&#8221;no&#8221; tablet_bg_img_hidden=&#8221;no&#8221; woodmart_parallax=&#8221;0&#8243; woodmart_box_shadow=&#8221;no&#8221; responsive_spacing=&#8221;eyJwYXJhbV90eXBlIjoid29vZG1hcnRfcmVzcG9uc2l2ZV9zcGFjaW5nIiwic2VsZWN0b3JfaWQiOiI2NzIzNWVjNmNkYzhiIiwic2hvcnRjb2RlIjoidmNfY29sdW1uIiwiZGF0YSI6eyJ0YWJsZXQiOnt9LCJtb2JpbGUiOnt9fX0=&#8221; mobile_reset_margin=&#8221;no&#8221; tablet_reset_margin=&#8221;no&#8221; wd_z_index=&#8221;no&#8221;]\n\t\t<div id=\"wd-678fb79b48aa9\" class=\"title-wrapper wd-wpb wd-set-mb reset-last-child  wd-rs-678fb79b48aa9 wd-title-color-default wd-title-style-default text-left vc_custom_1737471904958 wd-underline-colored\">\n\t\t\t\n\t\t\t<div class=\"liner-continer\">\n\t\t\t\t<h4 class=\"woodmart-title-container title  wd-font-weight- wd-fontsize-xl\" >Sertifikalar\u0131m\u0131z<\/h4>\n\t\t\t\t\t\t\t<\/div>\n\t\t\t\n\t\t\t\n\t\t\t\n\t\t<\/div>\n\t\t\n\t\t[vc_row_inner][vc_column_inner width=&#8221;1\/4&#8243;]\t\t<div id=\"wd-6783e1bd88fcc\" class=\"wd-image wd-wpb wd-rs-6783e1bd88fcc text-left vc_custom_1736697292525\">\n\t\t\t\t\t\t\t<a href=\"\/sertifikalar\/iso-9001-2015.pdf\"  target=\"_blank\">\n\t\t\t\n\t\t\t<img loading=\"lazy\" decoding=\"async\" width=\"656\" height=\"928\" src=\"https:\/\/www.pulkon.com\/tr\/wp-content\/uploads\/2025\/01\/iso-9001-2015-1.webp\" class=\"attachment-full size-full\" alt=\"\" srcset=\"https:\/\/www.pulkon.com\/tr\/wp-content\/uploads\/2025\/01\/iso-9001-2015-1.webp 656w, https:\/\/www.pulkon.com\/tr\/wp-content\/uploads\/2025\/01\/iso-9001-2015-1-212x300.webp 212w, https:\/\/www.pulkon.com\/tr\/wp-content\/uploads\/2025\/01\/iso-9001-2015-1-150x212.webp 150w\" sizes=\"auto, (max-width: 656px) 100vw, 656px\" \/>\n\t\t\t\t\t\t\t<\/a>\n\t\t\t\t\t<\/div>\n\t\t[\/vc_column_inner][vc_column_inner width=&#8221;1\/4&#8243;]\t\t<div id=\"wd-6783e5a0677e2\" class=\"wd-image wd-wpb wd-rs-6783e5a0677e2 text-left \">\n\t\t\t\t\t\t\t<a href=\"\/sertifikalar\/iso-27001-2022.pdf\"  target=\"_blank\">\n\t\t\t\n\t\t\t<img loading=\"lazy\" decoding=\"async\" width=\"656\" height=\"928\" src=\"https:\/\/www.pulkon.com\/tr\/wp-content\/uploads\/2025\/01\/iso-27001-2022-1.webp\" class=\"attachment-full size-full\" alt=\"\" srcset=\"https:\/\/www.pulkon.com\/tr\/wp-content\/uploads\/2025\/01\/iso-27001-2022-1.webp 656w, https:\/\/www.pulkon.com\/tr\/wp-content\/uploads\/2025\/01\/iso-27001-2022-1-212x300.webp 212w, https:\/\/www.pulkon.com\/tr\/wp-content\/uploads\/2025\/01\/iso-27001-2022-1-150x212.webp 150w\" sizes=\"auto, (max-width: 656px) 100vw, 656px\" \/>\n\t\t\t\t\t\t\t<\/a>\n\t\t\t\t\t<\/div>\n\t\t[\/vc_column_inner][vc_column_inner width=&#8221;1\/4&#8243;]\t\t<div id=\"wd-6783e5a7ab4b0\" class=\"wd-image wd-wpb wd-rs-6783e5a7ab4b0 text-left \">\n\t\t\t\t\t\t\t<a href=\"\/sertifikalar\/iso-%2045001-2018.pdf\"  target=\"_blank\">\n\t\t\t\n\t\t\t<img loading=\"lazy\" decoding=\"async\" width=\"656\" height=\"928\" src=\"https:\/\/www.pulkon.com\/tr\/wp-content\/uploads\/2025\/01\/iso-45001-2018-1.webp\" class=\"attachment-full size-full\" alt=\"\" srcset=\"https:\/\/www.pulkon.com\/tr\/wp-content\/uploads\/2025\/01\/iso-45001-2018-1.webp 656w, https:\/\/www.pulkon.com\/tr\/wp-content\/uploads\/2025\/01\/iso-45001-2018-1-212x300.webp 212w, https:\/\/www.pulkon.com\/tr\/wp-content\/uploads\/2025\/01\/iso-45001-2018-1-150x212.webp 150w\" sizes=\"auto, (max-width: 656px) 100vw, 656px\" \/>\n\t\t\t\t\t\t\t<\/a>\n\t\t\t\t\t<\/div>\n\t\t[\/vc_column_inner][vc_column_inner width=&#8221;1\/4&#8243;]\t\t<div id=\"wd-6783e5ae856fa\" class=\"wd-image wd-wpb wd-rs-6783e5ae856fa text-left \">\n\t\t\t\t\t\t\t<a href=\"\/sertifikalar\/iso-10002-2018.pdf\"  target=\"_blank\">\n\t\t\t\n\t\t\t<img loading=\"lazy\" decoding=\"async\" width=\"656\" height=\"928\" src=\"https:\/\/www.pulkon.com\/tr\/wp-content\/uploads\/2025\/01\/iso-10002-2018-1.webp\" class=\"attachment-full size-full\" alt=\"\" srcset=\"https:\/\/www.pulkon.com\/tr\/wp-content\/uploads\/2025\/01\/iso-10002-2018-1.webp 656w, https:\/\/www.pulkon.com\/tr\/wp-content\/uploads\/2025\/01\/iso-10002-2018-1-212x300.webp 212w, https:\/\/www.pulkon.com\/tr\/wp-content\/uploads\/2025\/01\/iso-10002-2018-1-150x212.webp 150w\" sizes=\"auto, (max-width: 656px) 100vw, 656px\" \/>\n\t\t\t\t\t\t\t<\/a>\n\t\t\t\t\t<\/div>\n\t\t[\/vc_column_inner][\/vc_row_inner][\/vc_column][\/vc_row][vc_row disable_element=&#8221;yes&#8221; woodmart_css_id=&#8221;6787b299cffb3&#8243; responsive_spacing=&#8221;eyJwYXJhbV90eXBlIjoid29vZG1hcnRfcmVzcG9uc2l2ZV9zcGFjaW5nIiwic2VsZWN0b3JfaWQiOiI2Nzg3YjI5OWNmZmIzIiwic2hvcnRjb2RlIjoidmNfcm93IiwiZGF0YSI6eyJ0YWJsZXQiOnt9LCJtb2JpbGUiOnt9fX0=&#8221; mobile_bg_img_hidden=&#8221;no&#8221; tablet_bg_img_hidden=&#8221;no&#8221; woodmart_parallax=&#8221;0&#8243; woodmart_gradient_switch=&#8221;no&#8221; woodmart_box_shadow=&#8221;no&#8221; wd_z_index=&#8221;no&#8221; woodmart_disable_overflow=&#8221;0&#8243; row_reverse_mobile=&#8221;0&#8243; row_reverse_tablet=&#8221;0&#8243;][vc_column]\t\t<div id=\"gallery_445\" class=\"wd-images-gallery wd-wpb wd-rs-6783be87056a9 photoswipe-images\" style=\"--wd-justify-content:center;--wd-align-items:center;\">\n\t\t\t\n\t\t\t<div class=\" wd-grid-g\" style=\"--wd-col-lg:4;--wd-col-md:4;--wd-col-sm:1;--wd-gap-lg:20px;--wd-gap-sm:10px;\">\n\t\t\t\t\n\t\t\t\t\t\t\t\t\t\t\t\t\t\t\t<div class=\"wd-gallery-item wd-col\">\n\t\t\t\t\t\t\t\t\t\t\t\t\t\t<a href=\"https:\/\/www.pulkon.com\/tr\/wp-content\/uploads\/2025\/01\/9001-2015.webp\" data-elementor-open-lightbox=\"no\" data-index=\"1\" data-width=\"666\" data-height=\"504\" \n\t\t\t\t\t\t\t\t\t\t\t\t >\n\t\t\t\t\t\t\t\t\n\t\t\t\t\t\t\t\t<img loading=\"lazy\" decoding=\"async\" width=\"666\" height=\"504\" src=\"https:\/\/www.pulkon.com\/tr\/wp-content\/uploads\/2025\/01\/9001-2015.webp\" class=\"wd-gallery-image image-1\" alt=\"\" srcset=\"https:\/\/www.pulkon.com\/tr\/wp-content\/uploads\/2025\/01\/9001-2015.webp 666w, https:\/\/www.pulkon.com\/tr\/wp-content\/uploads\/2025\/01\/9001-2015-300x227.webp 300w, https:\/\/www.pulkon.com\/tr\/wp-content\/uploads\/2025\/01\/9001-2015-150x114.webp 150w\" sizes=\"auto, (max-width: 666px) 100vw, 666px\" \/>\n\t\t\t\t\t\t\t\t\t\t\t\t\t\t\t<\/a>\n\t\t\t\t\t\t\t\t\t\t\t\t<\/div>\n\t\t\t\t\t\t\t\t\t\t\t<div class=\"wd-gallery-item wd-col\">\n\t\t\t\t\t\t\t\t\t\t\t\t\t\t<a href=\"https:\/\/www.pulkon.com\/tr\/wp-content\/uploads\/2025\/01\/9001-2015-Kopya.webp\" data-elementor-open-lightbox=\"no\" data-index=\"2\" data-width=\"666\" data-height=\"504\" \n\t\t\t\t\t\t\t\t\t\t\t\t >\n\t\t\t\t\t\t\t\t\n\t\t\t\t\t\t\t\t<img loading=\"lazy\" decoding=\"async\" width=\"666\" height=\"504\" src=\"https:\/\/www.pulkon.com\/tr\/wp-content\/uploads\/2025\/01\/9001-2015-Kopya.webp\" class=\"wd-gallery-image image-2\" alt=\"\" srcset=\"https:\/\/www.pulkon.com\/tr\/wp-content\/uploads\/2025\/01\/9001-2015-Kopya.webp 666w, https:\/\/www.pulkon.com\/tr\/wp-content\/uploads\/2025\/01\/9001-2015-Kopya-300x227.webp 300w, https:\/\/www.pulkon.com\/tr\/wp-content\/uploads\/2025\/01\/9001-2015-Kopya-150x114.webp 150w\" sizes=\"auto, (max-width: 666px) 100vw, 666px\" \/>\n\t\t\t\t\t\t\t\t\t\t\t\t\t\t\t<\/a>\n\t\t\t\t\t\t\t\t\t\t\t\t<\/div>\n\t\t\t\t\t\t\t\t\t\t\t<div class=\"wd-gallery-item wd-col\">\n\t\t\t\t\t\t\t\t\t\t\t\t\t\t<a href=\"https:\/\/www.pulkon.com\/tr\/wp-content\/uploads\/2025\/01\/4500-2018.webp\" data-elementor-open-lightbox=\"no\" data-index=\"3\" data-width=\"666\" data-height=\"504\" \n\t\t\t\t\t\t\t\t\t\t\t\t >\n\t\t\t\t\t\t\t\t\n\t\t\t\t\t\t\t\t<img loading=\"lazy\" decoding=\"async\" width=\"666\" height=\"504\" src=\"https:\/\/www.pulkon.com\/tr\/wp-content\/uploads\/2025\/01\/4500-2018.webp\" class=\"wd-gallery-image image-3\" alt=\"\" srcset=\"https:\/\/www.pulkon.com\/tr\/wp-content\/uploads\/2025\/01\/4500-2018.webp 666w, https:\/\/www.pulkon.com\/tr\/wp-content\/uploads\/2025\/01\/4500-2018-300x227.webp 300w, https:\/\/www.pulkon.com\/tr\/wp-content\/uploads\/2025\/01\/4500-2018-150x114.webp 150w\" sizes=\"auto, (max-width: 666px) 100vw, 666px\" \/>\n\t\t\t\t\t\t\t\t\t\t\t\t\t\t\t<\/a>\n\t\t\t\t\t\t\t\t\t\t\t\t<\/div>\n\t\t\t\t\t\t\t\t\t\t\t<div class=\"wd-gallery-item wd-col\">\n\t\t\t\t\t\t\t\t\t\t\t\t\t\t<a href=\"https:\/\/www.pulkon.com\/tr\/wp-content\/uploads\/2025\/01\/10002-2018.webp\" data-elementor-open-lightbox=\"no\" data-index=\"4\" data-width=\"666\" data-height=\"504\" \n\t\t\t\t\t\t\t\t\t\t\t\t >\n\t\t\t\t\t\t\t\t\n\t\t\t\t\t\t\t\t<img loading=\"lazy\" decoding=\"async\" width=\"666\" height=\"504\" src=\"https:\/\/www.pulkon.com\/tr\/wp-content\/uploads\/2025\/01\/10002-2018.webp\" class=\"wd-gallery-image image-4\" alt=\"\" srcset=\"https:\/\/www.pulkon.com\/tr\/wp-content\/uploads\/2025\/01\/10002-2018.webp 666w, https:\/\/www.pulkon.com\/tr\/wp-content\/uploads\/2025\/01\/10002-2018-300x227.webp 300w, https:\/\/www.pulkon.com\/tr\/wp-content\/uploads\/2025\/01\/10002-2018-150x114.webp 150w\" sizes=\"auto, (max-width: 666px) 100vw, 666px\" \/>\n\t\t\t\t\t\t\t\t\t\t\t\t\t\t\t<\/a>\n\t\t\t\t\t\t\t\t\t\t\t\t<\/div>\n\t\t\t\t\t\t\t\t\t\n\t\t\t\t\t\t\t<\/div>\n\n\t\t\t\t\t<\/div>\n\t\t[\/vc_column][\/vc_row]<\/p>\n<\/div>","protected":false},"excerpt":{"rendered":"<p>[vc_row content_placement=&#8221;middle&#8221; woodmart_css_id=&#8221;64775cf93784f&#8221; responsive_spacing=&#8221;eyJwYXJhbV90eXBlIjoid29vZG1hcnRfcmVzcG9uc2l2ZV9zcGFjaW5nIiwic2VsZWN0b3JfaWQiOiI2NDc3NWNmOTM3ODRmIiwic2hvcnRjb2RlIjoidmNfcm93IiwiZGF0YSI6eyJ0YWJsZXQiOnsibWFyZ2luLWJvdHRvbSI6IjYwIn0sIm1vYmlsZSI6eyJtYXJnaW4tYm90dG9tIjoiNDAifX19&#8243; mobile_bg_img_hidden=&#8221;no&#8221; tablet_bg_img_hidden=&#8221;no&#8221; woodmart_parallax=&#8221;0&#8243; woodmart_gradient_switch=&#8221;no&#8221; woodmart_box_shadow=&#8221;no&#8221; wd_z_index=&#8221;no&#8221; woodmart_disable_overflow=&#8221;0&#8243; row_reverse_mobile=&#8221;1&#8243; row_reverse_tablet=&#8221;1&#8243; css=&#8221;.vc_custom_1685544197253{margin-bottom: 80px !important;}&#8221;][vc_column width=&#8221;3\/4&#8243; woodmart_css_id=&#8221;6437f9cfc23d6&#8243; parallax_scroll=&#8221;no&#8221; woodmart_sticky_column=&#8221;false&#8221;<\/p>\n","protected":false},"author":1,"featured_media":0,"parent":0,"menu_order":0,"comment_status":"closed","ping_status":"closed","template":"","meta":{"footnotes":""},"class_list":["post-18","page","type-page","status-publish","hentry"],"_links":{"self":[{"href":"https:\/\/www.pulkon.com\/tr\/wp-json\/wp\/v2\/pages\/18","targetHints":{"allow":["GET"]}}],"collection":[{"href":"https:\/\/www.pulkon.com\/tr\/wp-json\/wp\/v2\/pages"}],"about":[{"href":"https:\/\/www.pulkon.com\/tr\/wp-json\/wp\/v2\/types\/page"}],"author":[{"embeddable":true,"href":"https:\/\/www.pulkon.com\/tr\/wp-json\/wp\/v2\/users\/1"}],"replies":[{"embeddable":true,"href":"https:\/\/www.pulkon.com\/tr\/wp-json\/wp\/v2\/comments?post=18"}],"version-history":[{"count":25,"href":"https:\/\/www.pulkon.com\/tr\/wp-json\/wp\/v2\/pages\/18\/revisions"}],"predecessor-version":[{"id":13861,"href":"https:\/\/www.pulkon.com\/tr\/wp-json\/wp\/v2\/pages\/18\/revisions\/13861"}],"wp:attachment":[{"href":"https:\/\/www.pulkon.com\/tr\/wp-json\/wp\/v2\/media?parent=18"}],"curies":[{"name":"wp","href":"https:\/\/api.w.org\/{rel}","templated":true}]}}