{"id":13605,"date":"2025-01-12T11:39:16","date_gmt":"2025-01-12T11:39:16","guid":{"rendered":"https:\/\/www.pulkon.com\/tr\/?page_id=13605"},"modified":"2025-01-12T11:39:16","modified_gmt":"2025-01-12T11:39:16","slug":"gizlilik-politikasi","status":"publish","type":"page","link":"https:\/\/www.pulkon.com\/tr\/gizlilik-politikasi\/","title":{"rendered":"Gizlilik Politikas\u0131"},"content":{"rendered":"<div class=\"wpb-content-wrapper\"><p>[vc_row css=&#8221;.vc_custom_1668694599456{margin-right: 0px !important;margin-bottom: 40px !important;margin-left: 0px !important;border-right-width: 5px !important;padding-top: 30px !important;padding-bottom: 20px !important;padding-left: 5px !important;background-color: #ffffff !important;border-radius: 10px !important;}&#8221; woodmart_css_id=&#8221;6376424395433&#8243; responsive_spacing=&#8221;eyJwYXJhbV90eXBlIjoid29vZG1hcnRfcmVzcG9uc2l2ZV9zcGFjaW5nIiwic2VsZWN0b3JfaWQiOiI2Mzc2NDI0Mzk1NDMzIiwic2hvcnRjb2RlIjoidmNfcm93IiwiZGF0YSI6eyJ0YWJsZXQiOnt9LCJtb2JpbGUiOnt9fX0=&#8221; mobile_bg_img_hidden=&#8221;no&#8221; tablet_bg_img_hidden=&#8221;no&#8221; woodmart_parallax=&#8221;0&#8243; woodmart_gradient_switch=&#8221;no&#8221; woodmart_box_shadow=&#8221;no&#8221; wd_z_index=&#8221;no&#8221; woodmart_disable_overflow=&#8221;0&#8243; row_reverse_mobile=&#8221;0&#8243; row_reverse_tablet=&#8221;0&#8243;][vc_column css=&#8221;.vc_custom_1668692851420{padding-top: 0px !important;}&#8221; woodmart_css_id=&#8221;63763b6f4f967&#8243; parallax_scroll=&#8221;no&#8221; woodmart_sticky_column=&#8221;false&#8221; wd_collapsible_content_switcher=&#8221;no&#8221; wd_column_role_offcanvas_desktop=&#8221;no&#8221; wd_column_role_offcanvas_tablet=&#8221;no&#8221; wd_column_role_offcanvas_mobile=&#8221;no&#8221; wd_column_role_content_desktop=&#8221;no&#8221; wd_column_role_content_tablet=&#8221;no&#8221; wd_column_role_content_mobile=&#8221;no&#8221; mobile_bg_img_hidden=&#8221;no&#8221; tablet_bg_img_hidden=&#8221;no&#8221; woodmart_parallax=&#8221;0&#8243; woodmart_box_shadow=&#8221;no&#8221; responsive_spacing=&#8221;eyJwYXJhbV90eXBlIjoid29vZG1hcnRfcmVzcG9uc2l2ZV9zcGFjaW5nIiwic2VsZWN0b3JfaWQiOiI2Mzc2M2I2ZjRmOTY3Iiwic2hvcnRjb2RlIjoidmNfY29sdW1uIiwiZGF0YSI6eyJ0YWJsZXQiOnt9LCJtb2JpbGUiOnt9fX0=&#8221; mobile_reset_margin=&#8221;no&#8221; tablet_reset_margin=&#8221;no&#8221; wd_z_index=&#8221;no&#8221;]\n\t\t<div id=\"wd-6752e2059c6d9\" class=\"title-wrapper wd-wpb wd-set-mb reset-last-child  wd-rs-6752e2059c6d9 wd-title-color-default wd-title-style-default text-left  wd-underline-colored\">\n\t\t\t\n\t\t\t<div class=\"liner-continer\">\n\t\t\t\t<h4 class=\"woodmart-title-container title  wd-font-weight- wd-fontsize-l\" >Pulkon T\u00fcrkiye Bilgi G\u00fcvenli\u011fi Politikas\u0131<\/h4>\n\t\t\t\t\t\t\t<\/div>\n\t\t\t\n\t\t\t\n\t\t\t\n\t\t<\/div>\n\t\t\n\t\t\t\t<div id=\"wd-6752e20fd0d8d\" class=\"wd-text-block wd-wpb reset-last-child wd-rs-6752e20fd0d8d text-left vc_custom_1733485051359\">\n\t\t\t<div class=\"page-intro\">\n<div class=\"page-intro\">\n<p class=\"ingress\">Pulkon G\u00fcvenlik Hizmetleri ve \u00e7al\u0131\u015fanlar\u0131 olarak, i\u015f s\u00fcreklili\u011fimize ve bilgi varl\u0131klar\u0131m\u0131za y\u00f6nelik her t\u00fcrl\u00fc riski y\u00f6netmek amac\u0131yla;<\/p>\n<\/div>\n<div class=\"page-body\">\n<ul class=\"info-list\">\n<li>Bilgi g\u00fcvenli\u011fi y\u00f6netim sisteminin, ISO 27001 standard\u0131n\u0131n gereksinimlerini yerine getirecek \u015fekilde i\u015fletilmesi,<\/li>\n<li>Bilgi varl\u0131klar\u0131n\u0131n tan\u0131mlanmas\u0131, bu varl\u0131klar\u0131n; gizlili\u011fi, b\u00fct\u00fcnl\u00fc\u011f\u00fc ve eri\u015filebilirli\u011fine ili\u015fkin risklerin de\u011ferlendirilmesi ve azalt\u0131lmas\u0131 i\u00e7in kontrollerin uygulanmas\u0131,<\/li>\n<li>\u0130\u015fimizin, personelimizin, m\u00fc\u015fterilerimizin, tedarik\u00e7ilerimizin ve t\u00fcm yasal \u015fartlar\u0131n gerektirdi\u011fi g\u00fcvenlik gereksinimlerinin kar\u015f\u0131lanmas\u0131,<\/li>\n<li>Bilgi g\u00fcvenli\u011fi fark\u0131ndal\u0131\u011f\u0131n\u0131 art\u0131rmak ve \u015firket k\u00fclt\u00fcr\u00fc haline getirmek amac\u0131yla s\u00fcrekli e\u011fitimlerin ger\u00e7ekle\u015ftirilmesi,<\/li>\n<li>Bilgi g\u00fcvenli\u011fi y\u00f6netim sisteminin performans\u0131n\u0131n \u00f6l\u00e7\u00fclmesi ve s\u00fcrekli iyile\u015ftirilmesi, y\u00f6n\u00fcndeki faaliyetlerimizi uygulad\u0131\u011f\u0131m\u0131z di\u011fer y\u00f6netim sistemleri ile birlikte b\u00fct\u00fcnle\u015fik bir \u015fekilde y\u00f6netiriz. Politikaya ait uygulamalar\u0131m\u0131z ile \u00d6zel G\u00fcvenlik Sekt\u00f6r\u00fcndeki liderli\u011fimizi, bilgi g\u00fcvenli\u011fi alan\u0131nda da sa\u011flayarak \u00f6rnek ve lider kurulu\u015f olmay\u0131 hedeflemekteyiz.<\/li>\n<\/ul>\n<\/div>\n<\/div>\n\t\t<\/div>\n\t\t[\/vc_column][\/vc_row]<\/p>\n<\/div>","protected":false},"excerpt":{"rendered":"<p>[vc_row css=&#8221;.vc_custom_1668694599456{margin-right: 0px !important;margin-bottom: 40px !important;margin-left: 0px !important;border-right-width: 5px !important;padding-top: 30px !important;padding-bottom: 20px !important;padding-left: 5px !important;background-color: #ffffff !important;border-radius: 10px !important;}&#8221;<\/p>\n","protected":false},"author":1,"featured_media":0,"parent":0,"menu_order":0,"comment_status":"closed","ping_status":"closed","template":"","meta":{"footnotes":""},"class_list":["post-13605","page","type-page","status-publish","hentry"],"_links":{"self":[{"href":"https:\/\/www.pulkon.com\/tr\/wp-json\/wp\/v2\/pages\/13605","targetHints":{"allow":["GET"]}}],"collection":[{"href":"https:\/\/www.pulkon.com\/tr\/wp-json\/wp\/v2\/pages"}],"about":[{"href":"https:\/\/www.pulkon.com\/tr\/wp-json\/wp\/v2\/types\/page"}],"author":[{"embeddable":true,"href":"https:\/\/www.pulkon.com\/tr\/wp-json\/wp\/v2\/users\/1"}],"replies":[{"embeddable":true,"href":"https:\/\/www.pulkon.com\/tr\/wp-json\/wp\/v2\/comments?post=13605"}],"version-history":[{"count":1,"href":"https:\/\/www.pulkon.com\/tr\/wp-json\/wp\/v2\/pages\/13605\/revisions"}],"predecessor-version":[{"id":13606,"href":"https:\/\/www.pulkon.com\/tr\/wp-json\/wp\/v2\/pages\/13605\/revisions\/13606"}],"wp:attachment":[{"href":"https:\/\/www.pulkon.com\/tr\/wp-json\/wp\/v2\/media?parent=13605"}],"curies":[{"name":"wp","href":"https:\/\/api.w.org\/{rel}","templated":true}]}}